{"id":3503,"date":"2026-03-23T11:00:42","date_gmt":"2026-03-23T10:00:42","guid":{"rendered":"https:\/\/bookworld.springer.schule\/?post_type=product&#038;p=3503"},"modified":"2026-03-23T11:00:42","modified_gmt":"2026-03-23T10:00:42","slug":"ihr-firmenkalender-fuer-unternehmen-aller-art","status":"publish","type":"product","link":"https:\/\/bookworld.springer.schule\/?product=ihr-firmenkalender-fuer-unternehmen-aller-art","title":{"rendered":"Ihr Firmenkalender &#8211; f\u00fcr Unternehmen aller Art"},"content":{"rendered":"<p>Der hochwertige Business-Wandkalender ist das ideale Werbeprodukt, um Ihr Unternehmen das ganze Jahr \u00fcber sichtbar zu halten. Er sorgt daf\u00fcr, dass Ihr Firmenname t\u00e4glich im Blickfeld von Kunden, Gesch\u00e4ftspartnern und Mitarbeitenden bleibt.<\/p>\n","protected":false},"excerpt":{"rendered":"<p>Der hochwertige Business-Wandkalender ist das ideale Werbeprodukt, um Ihr Unternehmen das ganze Jahr \u00fcber sichtbar zu halten. Er sorgt daf\u00fcr, dass Ihr Firmenname t\u00e4glich im Blickfeld von Kunden, Gesch\u00e4ftspartnern und Mitarbeitenden bleibt.<\/p>\n","protected":false},"featured_media":3504,"comment_status":"open","ping_status":"closed","template":"","meta":[],"product_brand":[],"product_cat":[30],"product_tag":[],"class_list":{"0":"post-3503","1":"product","2":"type-product","3":"status-publish","4":"has-post-thumbnail","6":"product_cat-warenmittel","8":"first","9":"instock","10":"taxable","11":"shipping-taxable","12":"purchasable","13":"product-type-simple"},"_links":{"self":[{"href":"https:\/\/bookworld.springer.schule\/index.php?rest_route=\/wp\/v2\/product\/3503","targetHints":{"allow":["GET"]}}],"collection":[{"href":"https:\/\/bookworld.springer.schule\/index.php?rest_route=\/wp\/v2\/product"}],"about":[{"href":"https:\/\/bookworld.springer.schule\/index.php?rest_route=\/wp\/v2\/types\/product"}],"replies":[{"embeddable":true,"href":"https:\/\/bookworld.springer.schule\/index.php?rest_route=%2Fwp%2Fv2%2Fcomments&post=3503"}],"wp:featuredmedia":[{"embeddable":true,"href":"https:\/\/bookworld.springer.schule\/index.php?rest_route=\/wp\/v2\/media\/3504"}],"wp:attachment":[{"href":"https:\/\/bookworld.springer.schule\/index.php?rest_route=%2Fwp%2Fv2%2Fmedia&parent=3503"}],"wp:term":[{"taxonomy":"product_brand","embeddable":true,"href":"https:\/\/bookworld.springer.schule\/index.php?rest_route=%2Fwp%2Fv2%2Fproduct_brand&post=3503"},{"taxonomy":"product_cat","embeddable":true,"href":"https:\/\/bookworld.springer.schule\/index.php?rest_route=%2Fwp%2Fv2%2Fproduct_cat&post=3503"},{"taxonomy":"product_tag","embeddable":true,"href":"https:\/\/bookworld.springer.schule\/index.php?rest_route=%2Fwp%2Fv2%2Fproduct_tag&post=3503"}],"curies":[{"name":"wp","href":"https:\/\/api.w.org\/{rel}","templated":true}]}}