{"id":3467,"date":"2026-03-23T10:07:59","date_gmt":"2026-03-23T09:07:59","guid":{"rendered":"https:\/\/bookworld.springer.schule\/?post_type=product&#038;p=3467"},"modified":"2026-03-23T11:55:44","modified_gmt":"2026-03-23T10:55:44","slug":"moderne-wirtschaftszeitung-manager-magazin","status":"publish","type":"product","link":"https:\/\/bookworld.springer.schule\/?product=moderne-wirtschaftszeitung-manager-magazin","title":{"rendered":"Moderne Wirtschaftszeitung &#8211; Manager Magazin"},"content":{"rendered":"<p>\u201eDas Manager Magazin informiert F\u00fchrungskr\u00e4fte und Entscheider umfassend \u00fcber Wirtschaft, Unternehmen und M\u00e4rkte. Mit fundierten Analysen, Interviews mit Top-Managern, Trends aus der Wirtschaftswelt und praxisnahen Tipps f\u00fcr F\u00fchrung und Strategie bietet es wertvolle Einblicke f\u00fcr alle, die Verantwortung tragen und zukunftsorientierte Entscheidungen treffen wollen.\u201c<\/p>\n","protected":false},"excerpt":{"rendered":"<p>\u201eDas Manager Magazin informiert F\u00fchrungskr\u00e4fte und Entscheider umfassend \u00fcber Wirtschaft, Unternehmen und M\u00e4rkte. Mit fundierten Analysen, Interviews mit Top-Managern, Trends aus der Wirtschaftswelt und praxisnahen Tipps f\u00fcr F\u00fchrung und Strategie bietet es wertvolle Einblicke f\u00fcr alle, die Verantwortung tragen und zukunftsorientierte Entscheidungen treffen wollen.\u201c<\/p>\n","protected":false},"featured_media":3515,"comment_status":"open","ping_status":"closed","template":"","meta":[],"product_brand":[],"product_cat":[18],"product_tag":[],"class_list":{"0":"post-3467","1":"product","2":"type-product","3":"status-publish","4":"has-post-thumbnail","6":"product_cat-zeitschriften","8":"first","9":"instock","10":"taxable","11":"shipping-taxable","12":"purchasable","13":"product-type-simple"},"_links":{"self":[{"href":"https:\/\/bookworld.springer.schule\/index.php?rest_route=\/wp\/v2\/product\/3467","targetHints":{"allow":["GET"]}}],"collection":[{"href":"https:\/\/bookworld.springer.schule\/index.php?rest_route=\/wp\/v2\/product"}],"about":[{"href":"https:\/\/bookworld.springer.schule\/index.php?rest_route=\/wp\/v2\/types\/product"}],"replies":[{"embeddable":true,"href":"https:\/\/bookworld.springer.schule\/index.php?rest_route=%2Fwp%2Fv2%2Fcomments&post=3467"}],"wp:featuredmedia":[{"embeddable":true,"href":"https:\/\/bookworld.springer.schule\/index.php?rest_route=\/wp\/v2\/media\/3515"}],"wp:attachment":[{"href":"https:\/\/bookworld.springer.schule\/index.php?rest_route=%2Fwp%2Fv2%2Fmedia&parent=3467"}],"wp:term":[{"taxonomy":"product_brand","embeddable":true,"href":"https:\/\/bookworld.springer.schule\/index.php?rest_route=%2Fwp%2Fv2%2Fproduct_brand&post=3467"},{"taxonomy":"product_cat","embeddable":true,"href":"https:\/\/bookworld.springer.schule\/index.php?rest_route=%2Fwp%2Fv2%2Fproduct_cat&post=3467"},{"taxonomy":"product_tag","embeddable":true,"href":"https:\/\/bookworld.springer.schule\/index.php?rest_route=%2Fwp%2Fv2%2Fproduct_tag&post=3467"}],"curies":[{"name":"wp","href":"https:\/\/api.w.org\/{rel}","templated":true}]}}