{"id":3453,"date":"2026-03-23T09:29:51","date_gmt":"2026-03-23T08:29:51","guid":{"rendered":"https:\/\/bookworld.springer.schule\/?post_type=product&#038;p=3453"},"modified":"2026-03-23T11:53:28","modified_gmt":"2026-03-23T10:53:28","slug":"werbeprospekt-nach-mass-15-seiten","status":"publish","type":"product","link":"https:\/\/bookworld.springer.schule\/?product=werbeprospekt-nach-mass-15-seiten","title":{"rendered":"Werbeprospekt nach Ma\u00df (15 Seiten)"},"content":{"rendered":"<p>Unser Werbeprospekt ist mehr als nur eine Sammlung von Informationen \u2013 er ist Ihre M\u00f6glichkeit, sich von der Masse abzuheben und Ihren Kunden einen klaren, gut strukturierten \u00dcberblick \u00fcber alles zu bieten, was Sie tun.<br \/>\nOb Sie ein neues Produkt vorstellen, Ihr Dienstleistungsangebot erweitern oder einfach Ihre Markenpr\u00e4senz st\u00e4rken m\u00f6chten \u2013 dieser Prospekt wird all Ihre Zielgruppen direkt und effektiv ansprechen.<br \/>\nDer Werbeprospekt ist ideal f\u00fcr alle, die sich sowohl eine schnelle \u00dcbersicht als auch tiefergehende Einblicke in das Angebot w\u00fcnschen.<br \/>\nMit einer professionellen Gestaltung und durchdachten Layouts bringt der Prospekt nicht nur Ihre Produkte und Dienstleistungen ins Rampenlicht, sondern sorgt auch daf\u00fcr, dass Ihr Unternehmen in den K\u00f6pfen Ihrer Kunden bleibt.<\/p>\n<p>Inhalt:<\/p>\n<p>&#8211; Titelblatt mit Firmennamen + Logo + Slogan<\/p>\n<p>&#8211; \u00dcbersicht der Produkte (Preise, etc.)<\/p>\n<p>&#8211; Dienstleistungen werden f\u00fcr Kunden erkl\u00e4rt<\/p>\n<p>&#8211; Kontaktinformationen &amp; Hinweise zu weiteren Kan\u00e4len (E-Mail, Webseite, Social Media, QR-Codes)<\/p>\n<p>&#8211; Katalog mit 15 Seiten oder 30 Seiten (je nach Auswahl)<\/p>\n","protected":false},"excerpt":{"rendered":"<p>Unser Werbeprospekt ist mehr als nur eine Sammlung von Informationen \u2013 er ist Ihre M\u00f6glichkeit, sich von der Masse abzuheben und Ihren Kunden einen klaren, gut strukturierten \u00dcberblick \u00fcber alles zu bieten, was Sie tun. Ob Sie ein neues Produkt vorstellen, Ihr Dienstleistungsangebot erweitern oder einfach Ihre Markenpr\u00e4senz st\u00e4rken m\u00f6chten \u2013 dieser Prospekt wird all [&hellip;]<\/p>\n","protected":false},"featured_media":3511,"comment_status":"open","ping_status":"closed","template":"","meta":[],"product_brand":[],"product_cat":[30],"product_tag":[],"class_list":{"0":"post-3453","1":"product","2":"type-product","3":"status-publish","4":"has-post-thumbnail","6":"product_cat-warenmittel","8":"first","9":"instock","10":"virtual","11":"taxable","12":"purchasable","13":"product-type-simple"},"_links":{"self":[{"href":"https:\/\/bookworld.springer.schule\/index.php?rest_route=\/wp\/v2\/product\/3453","targetHints":{"allow":["GET"]}}],"collection":[{"href":"https:\/\/bookworld.springer.schule\/index.php?rest_route=\/wp\/v2\/product"}],"about":[{"href":"https:\/\/bookworld.springer.schule\/index.php?rest_route=\/wp\/v2\/types\/product"}],"replies":[{"embeddable":true,"href":"https:\/\/bookworld.springer.schule\/index.php?rest_route=%2Fwp%2Fv2%2Fcomments&post=3453"}],"wp:featuredmedia":[{"embeddable":true,"href":"https:\/\/bookworld.springer.schule\/index.php?rest_route=\/wp\/v2\/media\/3511"}],"wp:attachment":[{"href":"https:\/\/bookworld.springer.schule\/index.php?rest_route=%2Fwp%2Fv2%2Fmedia&parent=3453"}],"wp:term":[{"taxonomy":"product_brand","embeddable":true,"href":"https:\/\/bookworld.springer.schule\/index.php?rest_route=%2Fwp%2Fv2%2Fproduct_brand&post=3453"},{"taxonomy":"product_cat","embeddable":true,"href":"https:\/\/bookworld.springer.schule\/index.php?rest_route=%2Fwp%2Fv2%2Fproduct_cat&post=3453"},{"taxonomy":"product_tag","embeddable":true,"href":"https:\/\/bookworld.springer.schule\/index.php?rest_route=%2Fwp%2Fv2%2Fproduct_tag&post=3453"}],"curies":[{"name":"wp","href":"https:\/\/api.w.org\/{rel}","templated":true}]}}