{"id":3311,"date":"2025-03-31T12:04:36","date_gmt":"2025-03-31T10:04:36","guid":{"rendered":"https:\/\/bookworld.springer.schule\/?post_type=product&#038;p=3311"},"modified":"2025-05-05T08:18:19","modified_gmt":"2025-05-05T06:18:19","slug":"kleine-leselampe","status":"publish","type":"product","link":"https:\/\/bookworld.springer.schule\/?product=kleine-leselampe","title":{"rendered":"kleine Leselampe"},"content":{"rendered":"<p>Diese wiederaufladbare kleine Leselampe ist eine praktische Beleuchtungsl\u00f6sung zum Lesen, Lernen oder f\u00fcr jede andere Aktivit\u00e4t, die fokussiertes Licht erfordert.<\/p>\n<p>Die Lampe wird von einem eingebauten Lithium-Ionen-Akku mit Strom versorgt, der \u00fcber einen USB-Anschluss aufgeladen werden kann, wodurch sie energieeffizient und umweltfreundlich ist.<\/p>\n<p>Diese Buch Leselampe verf\u00fcgt \u00fcber einen flexiblen Schwanenhals, der es erm\u00f6glicht, sie in verschiedenen Winkeln zu positionieren, wodurch das Licht einfach dorthin gelenkt werden kann, wo es ben\u00f6tigt wird.<\/p>\n<p>Au\u00dferdem kann das Licht angepasst werden, um verschiedene Farben zu erzeugen, wie z. B. warmwei\u00dfes, kaltwei\u00dfes oder gelbes Licht, um sich an unterschiedliche Leseumgebungen anzupassen.<\/p>\n<p>Die Leseleuchte ist klein und tragbar, sodass Sie sie \u00fcberall hin mitnehmen k\u00f6nnen. Ob Sie im Bett lesen, in einer Bibliothek lernen oder im Flugzeug arbeiten, die wiederaufladbare Mini Leselampe zum Klemmen ist die perfekte Wahl f\u00fcr all Ihre Beleuchtungsanforderungen.<\/p>\n","protected":false},"excerpt":{"rendered":"<p>Diese wiederaufladbare kleine Leselampe ist eine praktische Beleuchtungsl\u00f6sung zum Lesen, Lernen oder f\u00fcr jede andere Aktivit\u00e4t, die fokussiertes Licht erfordert. Die Lampe wird von einem eingebauten Lithium-Ionen-Akku mit Strom versorgt, der \u00fcber einen USB-Anschluss aufgeladen werden kann, wodurch sie energieeffizient und umweltfreundlich ist. Diese Buch Leselampe verf\u00fcgt \u00fcber einen flexiblen Schwanenhals, der es erm\u00f6glicht, sie [&hellip;]<\/p>\n","protected":false},"featured_media":3312,"comment_status":"open","ping_status":"closed","template":"","meta":[],"product_brand":[],"product_cat":[55],"product_tag":[],"class_list":{"0":"post-3311","1":"product","2":"type-product","3":"status-publish","4":"has-post-thumbnail","6":"product_cat-lampen","8":"first","9":"instock","10":"taxable","11":"shipping-taxable","12":"purchasable","13":"product-type-simple"},"_links":{"self":[{"href":"https:\/\/bookworld.springer.schule\/index.php?rest_route=\/wp\/v2\/product\/3311","targetHints":{"allow":["GET"]}}],"collection":[{"href":"https:\/\/bookworld.springer.schule\/index.php?rest_route=\/wp\/v2\/product"}],"about":[{"href":"https:\/\/bookworld.springer.schule\/index.php?rest_route=\/wp\/v2\/types\/product"}],"replies":[{"embeddable":true,"href":"https:\/\/bookworld.springer.schule\/index.php?rest_route=%2Fwp%2Fv2%2Fcomments&post=3311"}],"wp:featuredmedia":[{"embeddable":true,"href":"https:\/\/bookworld.springer.schule\/index.php?rest_route=\/wp\/v2\/media\/3312"}],"wp:attachment":[{"href":"https:\/\/bookworld.springer.schule\/index.php?rest_route=%2Fwp%2Fv2%2Fmedia&parent=3311"}],"wp:term":[{"taxonomy":"product_brand","embeddable":true,"href":"https:\/\/bookworld.springer.schule\/index.php?rest_route=%2Fwp%2Fv2%2Fproduct_brand&post=3311"},{"taxonomy":"product_cat","embeddable":true,"href":"https:\/\/bookworld.springer.schule\/index.php?rest_route=%2Fwp%2Fv2%2Fproduct_cat&post=3311"},{"taxonomy":"product_tag","embeddable":true,"href":"https:\/\/bookworld.springer.schule\/index.php?rest_route=%2Fwp%2Fv2%2Fproduct_tag&post=3311"}],"curies":[{"name":"wp","href":"https:\/\/api.w.org\/{rel}","templated":true}]}}