{"id":3299,"date":"2025-03-31T11:48:28","date_gmt":"2025-03-31T09:48:28","guid":{"rendered":"https:\/\/bookworld.springer.schule\/?post_type=product&#038;p=3299"},"modified":"2025-05-05T08:19:38","modified_gmt":"2025-05-05T06:19:38","slug":"silikon-handyhuelle","status":"publish","type":"product","link":"https:\/\/bookworld.springer.schule\/?product=silikon-handyhuelle","title":{"rendered":"Silikon Handyh\u00fclle"},"content":{"rendered":"<p>nfo zu diesem Artikel<\/p>\n<p>    Kompatibilit\u00e4t: Nur f\u00fcr iPhone 14 und iPhone 13; Zeige den urspr\u00fcnglichen Stil deines iPhone 14 und iPhone 13 mit dieser hochwertigen, kristallklaren H\u00fclle<br \/>\n    Milit\u00e4rnorm Schutz: Streng getestet, um vollst\u00e4ndigen Schutz vor St\u00fcrzen und St\u00f6\u00dfen durch sto\u00dfd\u00e4mpfende Air Guard-Ecken zu gew\u00e4hrleisten, mit 0,7 mm und 1,2 mm erh\u00f6hten Kanten um das Display und die Kamera, um Kratzer fernzuhalten<br \/>\n    D\u00fcnn und leicht: Mit einer Dicke von nur 1,6 mm f\u00fchlt sich diese H\u00fclle f\u00fcr das iPhone 14 und iPhone 13 so an, als ob du dein Handy halten w\u00fcrdest, aber mit zus\u00e4tzlicher Griffigkeit; Das flexible Polymer macht das An- und Ablegen zum Kinderspiel<br \/>\n    Sauber und klar: Hochwertiges Polymer h\u00e4lt deine H\u00fclle l\u00e4nger kristallklar, da das Mikropunktdesign anhaftenden Wasserflecken verhindert und so den wahren Stil deines iPhones besser zur Geltung bringt<br \/>\n    Bereit f\u00fcr kabelloses Laden: Diese iPhone 13 H\u00fclle und iPhone 14 H\u00fclle ist d\u00fcnn genug, um kabelloses Laden vollst\u00e4ndig zu unterst\u00fctzen; Pr\u00e4zise Aussparungen gew\u00e4hrleisten vollen Zugriff auf die Anschl\u00fcsse<br \/>\n    Umfassender Kundenservice: Ausf\u00fchrliche Setup-Videos, FAQs, ein umfassender 12-monatiger Schutzplan, unbegrenzter Support und individuelle Hilfe<\/p>\n","protected":false},"excerpt":{"rendered":"<p>nfo zu diesem Artikel Kompatibilit\u00e4t: Nur f\u00fcr iPhone 14 und iPhone 13; Zeige den urspr\u00fcnglichen Stil deines iPhone 14 und iPhone 13 mit dieser hochwertigen, kristallklaren H\u00fclle Milit\u00e4rnorm Schutz: Streng getestet, um vollst\u00e4ndigen Schutz vor St\u00fcrzen und St\u00f6\u00dfen durch sto\u00dfd\u00e4mpfende Air Guard-Ecken zu gew\u00e4hrleisten, mit 0,7 mm und 1,2 mm erh\u00f6hten Kanten um das Display [&hellip;]<\/p>\n","protected":false},"featured_media":3300,"comment_status":"open","ping_status":"closed","template":"","meta":[],"product_brand":[],"product_cat":[53],"product_tag":[],"class_list":{"0":"post-3299","1":"product","2":"type-product","3":"status-publish","4":"has-post-thumbnail","6":"product_cat-elektronikzubehoer","8":"first","9":"instock","10":"taxable","11":"shipping-taxable","12":"purchasable","13":"product-type-simple"},"_links":{"self":[{"href":"https:\/\/bookworld.springer.schule\/index.php?rest_route=\/wp\/v2\/product\/3299","targetHints":{"allow":["GET"]}}],"collection":[{"href":"https:\/\/bookworld.springer.schule\/index.php?rest_route=\/wp\/v2\/product"}],"about":[{"href":"https:\/\/bookworld.springer.schule\/index.php?rest_route=\/wp\/v2\/types\/product"}],"replies":[{"embeddable":true,"href":"https:\/\/bookworld.springer.schule\/index.php?rest_route=%2Fwp%2Fv2%2Fcomments&post=3299"}],"wp:featuredmedia":[{"embeddable":true,"href":"https:\/\/bookworld.springer.schule\/index.php?rest_route=\/wp\/v2\/media\/3300"}],"wp:attachment":[{"href":"https:\/\/bookworld.springer.schule\/index.php?rest_route=%2Fwp%2Fv2%2Fmedia&parent=3299"}],"wp:term":[{"taxonomy":"product_brand","embeddable":true,"href":"https:\/\/bookworld.springer.schule\/index.php?rest_route=%2Fwp%2Fv2%2Fproduct_brand&post=3299"},{"taxonomy":"product_cat","embeddable":true,"href":"https:\/\/bookworld.springer.schule\/index.php?rest_route=%2Fwp%2Fv2%2Fproduct_cat&post=3299"},{"taxonomy":"product_tag","embeddable":true,"href":"https:\/\/bookworld.springer.schule\/index.php?rest_route=%2Fwp%2Fv2%2Fproduct_tag&post=3299"}],"curies":[{"name":"wp","href":"https:\/\/api.w.org\/{rel}","templated":true}]}}