{"id":3296,"date":"2025-03-31T11:45:16","date_gmt":"2025-03-31T09:45:16","guid":{"rendered":"https:\/\/bookworld.springer.schule\/?post_type=product&#038;p=3296"},"modified":"2025-05-05T08:19:54","modified_gmt":"2025-05-05T06:19:54","slug":"kindle-2024","status":"publish","type":"product","link":"https:\/\/bookworld.springer.schule\/?product=kindle-2024","title":{"rendered":"Kindle (2024)"},"content":{"rendered":"<p>Ganz egal ob in der Bahn, im Wartezimmer oder auf dem Balkon: Mit diesem handlichen E-Book-Reader KINDLE 16GB (2024 RELEASE) WITH ADS MATCHA GREEN von KINDLE haben Sie Ihre Lieblingsb\u00fccher \u00fcberall dabei!<\/p>\n<p>Ein Touchscreen unterst\u00fctzt Sie beim Treffen von Einstellungen und dem Durchbl\u00e4ttern Ihres Lesestoffes. So intuitiv war die Bedienung noch nie! Auch die Bildschirmdiagonale von 15,24 cm kann sich sehen lassen. Diese ist ein guter Mittelweg zwischen handlicher Bauweise und einer lesbaren Anzeigefl\u00e4che. Damit Grafiken und das Schriftbild immer gestochen scharf angezeigt werden, betr\u00e4gt die Bildschirmaufl\u00f6sung 300 ppi. Mit einer Speicherkapazit\u00e4t von 16 GB steht Ihnen viel Platz zum Aufbewahren Ihrer B\u00fccher zur Verf\u00fcgung.<\/p>\n<p>Ungewohnt beeindruckend ist die Akkulaufzeit, die bis zu 6 Wochen betr\u00e4gt. Mit dieser k\u00f6nnen Sie immer und \u00fcberall lesen, ohne dauernd auf Kabel und Stromquellen angewiesen zu sein. Das Ger\u00e4t besitzt die Abmessungen 157,82 x 108,57 x 8,13 (H\u00f6he, Breite, Tiefe in mm). Folgende Teile sind in der kompletten Lieferung enthalten: Kindle und USB-C-Ladekabel und Kurzanleitung.<\/p>\n","protected":false},"excerpt":{"rendered":"<p>Ganz egal ob in der Bahn, im Wartezimmer oder auf dem Balkon: Mit diesem handlichen E-Book-Reader KINDLE 16GB (2024 RELEASE) WITH ADS MATCHA GREEN von KINDLE haben Sie Ihre Lieblingsb\u00fccher \u00fcberall dabei! Ein Touchscreen unterst\u00fctzt Sie beim Treffen von Einstellungen und dem Durchbl\u00e4ttern Ihres Lesestoffes. So intuitiv war die Bedienung noch nie! Auch die Bildschirmdiagonale [&hellip;]<\/p>\n","protected":false},"featured_media":3297,"comment_status":"open","ping_status":"closed","template":"","meta":[],"product_brand":[],"product_cat":[46],"product_tag":[],"class_list":{"0":"post-3296","1":"product","2":"type-product","3":"status-publish","4":"has-post-thumbnail","6":"product_cat-e-book-reader","8":"first","9":"instock","10":"taxable","11":"shipping-taxable","12":"purchasable","13":"product-type-simple"},"_links":{"self":[{"href":"https:\/\/bookworld.springer.schule\/index.php?rest_route=\/wp\/v2\/product\/3296","targetHints":{"allow":["GET"]}}],"collection":[{"href":"https:\/\/bookworld.springer.schule\/index.php?rest_route=\/wp\/v2\/product"}],"about":[{"href":"https:\/\/bookworld.springer.schule\/index.php?rest_route=\/wp\/v2\/types\/product"}],"replies":[{"embeddable":true,"href":"https:\/\/bookworld.springer.schule\/index.php?rest_route=%2Fwp%2Fv2%2Fcomments&post=3296"}],"wp:featuredmedia":[{"embeddable":true,"href":"https:\/\/bookworld.springer.schule\/index.php?rest_route=\/wp\/v2\/media\/3297"}],"wp:attachment":[{"href":"https:\/\/bookworld.springer.schule\/index.php?rest_route=%2Fwp%2Fv2%2Fmedia&parent=3296"}],"wp:term":[{"taxonomy":"product_brand","embeddable":true,"href":"https:\/\/bookworld.springer.schule\/index.php?rest_route=%2Fwp%2Fv2%2Fproduct_brand&post=3296"},{"taxonomy":"product_cat","embeddable":true,"href":"https:\/\/bookworld.springer.schule\/index.php?rest_route=%2Fwp%2Fv2%2Fproduct_cat&post=3296"},{"taxonomy":"product_tag","embeddable":true,"href":"https:\/\/bookworld.springer.schule\/index.php?rest_route=%2Fwp%2Fv2%2Fproduct_tag&post=3296"}],"curies":[{"name":"wp","href":"https:\/\/api.w.org\/{rel}","templated":true}]}}