{"id":3294,"date":"2025-03-31T11:19:53","date_gmt":"2025-03-31T09:19:53","guid":{"rendered":"https:\/\/bookworld.springer.schule\/?post_type=product&#038;p=3294"},"modified":"2025-05-05T08:20:26","modified_gmt":"2025-05-05T06:20:26","slug":"ereader-tolino-shine-4","status":"publish","type":"product","link":"https:\/\/bookworld.springer.schule\/?product=ereader-tolino-shine-4","title":{"rendered":"eReader tolino shine 4"},"content":{"rendered":"<p>Mehr Komfort in der Kompaktklasse.<\/p>\n<p>Vorteile auf einen Blick:<br \/>\n&#8211; Blitzschnell: durch neuen Quad Core-Prozessor und verbessertes E Ink Display<br \/>\n&#8211; Nachhaltig: hergestellt aus 85% Recycling-Plastik<br \/>\n&#8211; Wasserschutz:&gt; entspannt lesen in der Badewanne, im Schwimmbad oder am See*<br \/>\n&#8211; smartLight: Anpassung der Beleuchtung je nach Tageszeit<br \/>\n&#8211; F\u00fcr alle Lieblingsb\u00fccher: Speicherplatz f\u00fcr bis zu 12.000 eBooks<br \/>\n*Schutz vor S\u00fc\u00dfwasser (bis 2 Meter Tiefe\/60 Min.)<\/p>\n<p>Beschreibung:<br \/>\nF\u00fcr alle, die es handlich lieben, aber auf Funktionalit\u00e4t nicht verzichten m\u00f6chten<br \/>\nSo klein und doch so smart: Der neue tolino shine 4 liegt nicht nur \u00e4u\u00dferst bequem in der Hand, er ist auch vollgepackt mit intelligenter Technik, die digitales Lesen jetzt noch angenehmer macht. Neu sind nicht nur der st\u00e4rkere Prozessor und die verdoppelte Speicherkapazit\u00e4t gegen\u00fcber dem Vorg\u00e4ngermodell, sondern auch der Wasserschutz. Ganz egal, wann und wo Sie ihr Lieblingsbuch zur Hand nehmen m\u00f6chten, perfekter Lesegenuss ist garantiert.<\/p>\n<p>Schneller Umbl\u00e4ttern dank leistungsst\u00e4rkerem Prozessor<br \/>\nMit dem tolino shine 4 f\u00e4llt es Ihnen jetzt noch leichter, voll und ganz in Ihren Geschichten zu versinken. Denn das optimierte 6 Zoll E Ink Display sorgt zusammen mit einem neuen, noch leistungsst\u00e4rkeren Prozessor f\u00fcr eine 20 % k\u00fcrzere Reaktionszeit gegen\u00fcber seinem Vorg\u00e4ngermodell. Das macht nicht nur das Umbl\u00e4ttern der Seiten deutlich angenehmer, sondern erm\u00f6glicht insgesamt einen neuen, bislang unerreichten Komfort in Sachen eReading.<\/p>\n<p>Wasserschutz: gem\u00fctliche Lesestunden in der Badewanne<br \/>\nGenie\u00dfen Sie eine entspannte Leseauszeit mit Ihrem Lieblingsbuch \u2013 egal ob in der Badewanne, im Pool oder am See. Denn das Ger\u00e4t ist von innen heraus gegen Wasser gesch\u00fctzt und verzeiht so selbst ein kurzes Eintauchen ins Nass. Sollte Ihnen der eReader also versehentlich einmal aus der Hand gleiten, bleiben Sie ganz ruhig: Dem tolino shine 4 wird es nichts anhaben.<\/p>\n<p>Handlich im Gebrauch, freundlich zur Umwelt<br \/>\nDer neue tolino shine 4 gibt nicht nur beim Komfort, sondern auch in Sachen Nachhaltigkeit ein leuchtendes Beispiel ab. Denn seine R\u00fcckwand birgt nicht nur durch die Farbgebung im dunklen \u201eOcean Blue\u201c etwas Besonderes. Bei der Fertigung wurde erstmals recyceltes Plastik verwendet.<\/p>\n<p>smartLight: immer das beste Licht bei Tag und Nacht<br \/>\nDie intelligente smartLight-Funktion sorgt jederzeit f\u00fcrdas optimale Leselicht auf Ihrem tolino shine 4. Denn die Farbtemperatur der integrierten Beleuchtung passt sich automatisch an und wechselt im Einklang mit dem nat\u00fcrlichen Tageslicht von kaltwei\u00dfem Licht am Morgen zu warmwei\u00dfem Licht am Abend. Perfekt f\u00fcr Ihren Biorhythmus \u2013 vor allem, wenn Sie gerne vor dem Einschlafen lesen. Nat\u00fcrlich k\u00f6nnen Sie das smartLight auch an Ihre individuellen Vorlieben anpassen: W\u00e4hlen Sie zwischen eher k\u00fchlem oder warmen Licht auf Ihrem tolino eReader. Bei Tageslicht k\u00f6nnen Sie die Beleuchtung selbstverst\u00e4ndlich auch ganz ausschalten und so Ihre Akkulaufzeit noch weiter verl\u00e4ngern. Sie lesen immer wie auf Papier, ganz ohne st\u00f6rende Reflexionen durch Sonneneinstrahlung.<\/p>\n<p>Noch mehr Platz f\u00fcr Ihre Lieblingsb\u00fccher<br \/>\n\u00dcber 3 Millionen eBooks warten darauf, gelesen zu werden \u2013 st\u00f6bern Sie rund um die Uhr in den Online-Shops der tolino-Buchh\u00e4ndler und laden Sie interessante Neuheiten jederzeit auf Ihren eReader. F\u00fcr Ihre pers\u00f6nlichen Lesesch\u00e4tze steht Ihnen auf dem tolino shine 4 jede Menge Platz zur Verf\u00fcgung. Dank des Speichervolumens von 16 GB, davon rund 12 GB f\u00fcr Ihre B\u00fccher, lassen sich bis zu 12.000 eBooks auf dem tolino shine 4 lokal speichern und begleiten Sie stets flexibel durch Ihren Alltag und auf Ihren Reisen.<\/p>\n<p>Absolute Lesefreiheit \u2013 eBooks kaufen, wo Sie wollen<br \/>\ntolino setzt auf Offenheit und \u00fcberl\u00e4sst Ihnen die Entscheidung, bei welchem Buchh\u00e4ndler Sie Ihre eBooks erwerben m\u00f6chten. Genie\u00dfen Sie stets die komplette Angebotsvielfalt aller verf\u00fcgbaren tolino eBook-H\u00e4ndler. Vorhandene EPUB- und PDF-eBooks k\u00f6nnen Sie ganz bequem auf den tolino shine 4 laden und dort lesen. Mit der tolino-cloud-Synchronisation und der tolino-Bibliothek-Verkn\u00fcpfung bietet Ihnen tolino hierf\u00fcr besonders praktische Funktionen.<\/p>\n","protected":false},"excerpt":{"rendered":"<p>Mehr Komfort in der Kompaktklasse. Vorteile auf einen Blick: &#8211; Blitzschnell: durch neuen Quad Core-Prozessor und verbessertes E Ink Display &#8211; Nachhaltig: hergestellt aus 85% Recycling-Plastik &#8211; Wasserschutz:&gt; entspannt lesen in der Badewanne, im Schwimmbad oder am See* &#8211; smartLight: Anpassung der Beleuchtung je nach Tageszeit &#8211; F\u00fcr alle Lieblingsb\u00fccher: Speicherplatz f\u00fcr bis zu 12.000 [&hellip;]<\/p>\n","protected":false},"featured_media":3295,"comment_status":"open","ping_status":"closed","template":"","meta":[],"product_brand":[],"product_cat":[46],"product_tag":[],"class_list":{"0":"post-3294","1":"product","2":"type-product","3":"status-publish","4":"has-post-thumbnail","6":"product_cat-e-book-reader","8":"first","9":"instock","10":"taxable","11":"shipping-taxable","12":"purchasable","13":"product-type-simple"},"_links":{"self":[{"href":"https:\/\/bookworld.springer.schule\/index.php?rest_route=\/wp\/v2\/product\/3294","targetHints":{"allow":["GET"]}}],"collection":[{"href":"https:\/\/bookworld.springer.schule\/index.php?rest_route=\/wp\/v2\/product"}],"about":[{"href":"https:\/\/bookworld.springer.schule\/index.php?rest_route=\/wp\/v2\/types\/product"}],"replies":[{"embeddable":true,"href":"https:\/\/bookworld.springer.schule\/index.php?rest_route=%2Fwp%2Fv2%2Fcomments&post=3294"}],"wp:featuredmedia":[{"embeddable":true,"href":"https:\/\/bookworld.springer.schule\/index.php?rest_route=\/wp\/v2\/media\/3295"}],"wp:attachment":[{"href":"https:\/\/bookworld.springer.schule\/index.php?rest_route=%2Fwp%2Fv2%2Fmedia&parent=3294"}],"wp:term":[{"taxonomy":"product_brand","embeddable":true,"href":"https:\/\/bookworld.springer.schule\/index.php?rest_route=%2Fwp%2Fv2%2Fproduct_brand&post=3294"},{"taxonomy":"product_cat","embeddable":true,"href":"https:\/\/bookworld.springer.schule\/index.php?rest_route=%2Fwp%2Fv2%2Fproduct_cat&post=3294"},{"taxonomy":"product_tag","embeddable":true,"href":"https:\/\/bookworld.springer.schule\/index.php?rest_route=%2Fwp%2Fv2%2Fproduct_tag&post=3294"}],"curies":[{"name":"wp","href":"https:\/\/api.w.org\/{rel}","templated":true}]}}