{"id":3276,"date":"2025-03-31T10:50:45","date_gmt":"2025-03-31T08:50:45","guid":{"rendered":"https:\/\/bookworld.springer.schule\/?post_type=product&#038;p=3276"},"modified":"2025-05-05T08:25:17","modified_gmt":"2025-05-05T06:25:17","slug":"vogue-das-kleid","status":"publish","type":"product","link":"https:\/\/bookworld.springer.schule\/?product=vogue-das-kleid","title":{"rendered":"VOGUE Das Kleid"},"content":{"rendered":"<p>Zeitlose Traumkleider aus der VOGUE<\/p>\n<p>Die einmalige Schmuckausgabe mit silberner Folienpr\u00e4gung versammelt 333 brillante Modeaufnahmen!<\/p>\n<p>Das Kleid ist das Herzst\u00fcck der Couture und Inbegriff modischer Eleganz. Es steht f\u00fcr feminine Romantik, luxuri\u00f6sen Glamour, verf\u00fchrerische Opulenz oder zeitlosen Purismus. In 333 brillanten Fotografien zeigt dieser pr\u00e4chtige Band die sch\u00f6nsten Kleider aus dem Archiv der britischen VOGUE, der unangefochtenen Instanz f\u00fcr Mode- und Stilfragen. Von klassischen Entw\u00fcrfen des fr\u00fchen 20. Jahrhunderts bis zu avantgardistischen Kreationen unserer Zeit wird ein gutes Jahrhundert Modegeschichte pr\u00e4sentiert: Traumhafte Kleider von Designern wie Coco Chanel, Elsa Schiaparelli, Dior oder Alexander McQueen, getragen von Ber\u00fchmtheiten wie Jean Shrimpton, Naomi Campbell, Cate Blanchett oder Kate Moss und in Szene gesetzt von Fotografie-Ikonen wie Cecil Beaton, Corinne Day, Nick Knight, Mario Testino uvm.<br \/>\nRezension<br \/>\n\u00bbVogue fungiert hier als Chronistin (&#8230;) und zeigt die herrlichsten modischen Sch\u00f6pfungen, getragen von den sch\u00f6nsten Models und in Farbe und Schwarzwei\u00df festgehalten von ber\u00fchmten Fotografen.\u00ab Bonner Generalanzeiger<\/p>\n","protected":false},"excerpt":{"rendered":"<p>Zeitlose Traumkleider aus der VOGUE Die einmalige Schmuckausgabe mit silberner Folienpr\u00e4gung versammelt 333 brillante Modeaufnahmen! Das Kleid ist das Herzst\u00fcck der Couture und Inbegriff modischer Eleganz. Es steht f\u00fcr feminine Romantik, luxuri\u00f6sen Glamour, verf\u00fchrerische Opulenz oder zeitlosen Purismus. In 333 brillanten Fotografien zeigt dieser pr\u00e4chtige Band die sch\u00f6nsten Kleider aus dem Archiv der britischen VOGUE, [&hellip;]<\/p>\n","protected":false},"featured_media":3277,"comment_status":"open","ping_status":"closed","template":"","meta":[],"product_brand":[],"product_cat":[18],"product_tag":[],"class_list":{"0":"post-3276","1":"product","2":"type-product","3":"status-publish","4":"has-post-thumbnail","6":"product_cat-zeitschriften","8":"first","9":"instock","10":"taxable","11":"shipping-taxable","12":"purchasable","13":"product-type-simple"},"_links":{"self":[{"href":"https:\/\/bookworld.springer.schule\/index.php?rest_route=\/wp\/v2\/product\/3276","targetHints":{"allow":["GET"]}}],"collection":[{"href":"https:\/\/bookworld.springer.schule\/index.php?rest_route=\/wp\/v2\/product"}],"about":[{"href":"https:\/\/bookworld.springer.schule\/index.php?rest_route=\/wp\/v2\/types\/product"}],"replies":[{"embeddable":true,"href":"https:\/\/bookworld.springer.schule\/index.php?rest_route=%2Fwp%2Fv2%2Fcomments&post=3276"}],"wp:featuredmedia":[{"embeddable":true,"href":"https:\/\/bookworld.springer.schule\/index.php?rest_route=\/wp\/v2\/media\/3277"}],"wp:attachment":[{"href":"https:\/\/bookworld.springer.schule\/index.php?rest_route=%2Fwp%2Fv2%2Fmedia&parent=3276"}],"wp:term":[{"taxonomy":"product_brand","embeddable":true,"href":"https:\/\/bookworld.springer.schule\/index.php?rest_route=%2Fwp%2Fv2%2Fproduct_brand&post=3276"},{"taxonomy":"product_cat","embeddable":true,"href":"https:\/\/bookworld.springer.schule\/index.php?rest_route=%2Fwp%2Fv2%2Fproduct_cat&post=3276"},{"taxonomy":"product_tag","embeddable":true,"href":"https:\/\/bookworld.springer.schule\/index.php?rest_route=%2Fwp%2Fv2%2Fproduct_tag&post=3276"}],"curies":[{"name":"wp","href":"https:\/\/api.w.org\/{rel}","templated":true}]}}