{"id":3274,"date":"2025-03-31T10:44:46","date_gmt":"2025-03-31T08:44:46","guid":{"rendered":"https:\/\/bookworld.springer.schule\/?post_type=product&#038;p=3274"},"modified":"2025-05-05T08:29:23","modified_gmt":"2025-05-05T06:29:23","slug":"zu-nah-am-abgrund-pascal-g","status":"publish","type":"product","link":"https:\/\/bookworld.springer.schule\/?product=zu-nah-am-abgrund-pascal-g","title":{"rendered":"Zu Nah Am Abgrund &#8211; Pascal G."},"content":{"rendered":"<p>(Gebundene Ausgabe)<\/p>\n<p>Der dritte Roman des K\u00f6nig des franz\u00f6sischen Noir: \u00c9liette genie\u00dft ihre Rente, allerdings nicht ohne Bitterkeit. Ihr Ehemann ist tot, die Kinder leben weit entfernt. Keine Freunde weit und breit. Und noch dazu kein Sex. Eines Tages, als \u00fcber dem Dorf ein Gewitter niedergeht, gew\u00e4hrt sie einem attraktiven Vierzigj\u00e4hrigen, der sich auf dem Land verfahren hat, bei sich Unterschlupf. Doch kaum hat der Kleinganove \u00c9liettes Haus betreten, explodiert ihre Welt geradezu: Der Sohn der Nachbarn kommt bei einem Autounfall ums Leben, eine durchgedrehte junge Frau nistet sich bei ihr ein und auf einmal tauchen zwei Kilo Kokain auf.<\/p>\n<p>Achtung vor dem Alter, das nur scheinbar schl\u00e4ft &#8230;<br \/>\n\u2026 in diesem Alter schreit man nicht mehr, man st\u00f6hnt nicht mehr, man v\u00f6gelt ganz leise, damit einen der Tod nicht h\u00f6rt.<\/p>\n","protected":false},"excerpt":{"rendered":"<p>(Gebundene Ausgabe) Der dritte Roman des K\u00f6nig des franz\u00f6sischen Noir: \u00c9liette genie\u00dft ihre Rente, allerdings nicht ohne Bitterkeit. Ihr Ehemann ist tot, die Kinder leben weit entfernt. Keine Freunde weit und breit. Und noch dazu kein Sex. Eines Tages, als \u00fcber dem Dorf ein Gewitter niedergeht, gew\u00e4hrt sie einem attraktiven Vierzigj\u00e4hrigen, der sich auf dem [&hellip;]<\/p>\n","protected":false},"featured_media":3275,"comment_status":"open","ping_status":"closed","template":"","meta":[],"product_brand":[],"product_cat":[16],"product_tag":[],"class_list":{"0":"post-3274","1":"product","2":"type-product","3":"status-publish","4":"has-post-thumbnail","6":"product_cat-krimi","8":"first","9":"instock","10":"taxable","11":"shipping-taxable","12":"purchasable","13":"product-type-simple"},"_links":{"self":[{"href":"https:\/\/bookworld.springer.schule\/index.php?rest_route=\/wp\/v2\/product\/3274","targetHints":{"allow":["GET"]}}],"collection":[{"href":"https:\/\/bookworld.springer.schule\/index.php?rest_route=\/wp\/v2\/product"}],"about":[{"href":"https:\/\/bookworld.springer.schule\/index.php?rest_route=\/wp\/v2\/types\/product"}],"replies":[{"embeddable":true,"href":"https:\/\/bookworld.springer.schule\/index.php?rest_route=%2Fwp%2Fv2%2Fcomments&post=3274"}],"wp:featuredmedia":[{"embeddable":true,"href":"https:\/\/bookworld.springer.schule\/index.php?rest_route=\/wp\/v2\/media\/3275"}],"wp:attachment":[{"href":"https:\/\/bookworld.springer.schule\/index.php?rest_route=%2Fwp%2Fv2%2Fmedia&parent=3274"}],"wp:term":[{"taxonomy":"product_brand","embeddable":true,"href":"https:\/\/bookworld.springer.schule\/index.php?rest_route=%2Fwp%2Fv2%2Fproduct_brand&post=3274"},{"taxonomy":"product_cat","embeddable":true,"href":"https:\/\/bookworld.springer.schule\/index.php?rest_route=%2Fwp%2Fv2%2Fproduct_cat&post=3274"},{"taxonomy":"product_tag","embeddable":true,"href":"https:\/\/bookworld.springer.schule\/index.php?rest_route=%2Fwp%2Fv2%2Fproduct_tag&post=3274"}],"curies":[{"name":"wp","href":"https:\/\/api.w.org\/{rel}","templated":true}]}}