{"id":3262,"date":"2025-03-24T10:06:03","date_gmt":"2025-03-24T09:06:03","guid":{"rendered":"https:\/\/bookworld.springer.schule\/?post_type=product&#038;p=3262"},"modified":"2025-05-05T08:32:30","modified_gmt":"2025-05-05T06:32:30","slug":"one-of-us-is-lying","status":"publish","type":"product","link":"https:\/\/bookworld.springer.schule\/?product=one-of-us-is-lying","title":{"rendered":"One of us is lying"},"content":{"rendered":"<p>Eine Highschool. Ein Toter. Vier Verd\u00e4chtige.<\/p>\n<p>An einem Nachmittag sind f\u00fcnf Sch\u00fcler in der Bayview High zum Nachsitzen versammelt. Bronwyn, das Superhirn auf dem Weg nach Yale, bricht niemals die Regeln. Klassensch\u00f6nheit Addy ist die perfekte Homecoming-Queen. Nate hat seinen Ruf als Drogendealer weg. Cooper gl\u00e4nzt als Baseball-Spieler. Und Simon hat die ber\u00fcchtigte Gossip-App der Schule unter seiner Kontrolle. Als Simon pl\u00f6tzlich zusammenbricht und kurz darauf im Krankenhaus stirbt, ermittelt die Polizei wegen Mordes. Simon wollte am Folgetag einen Skandalpost absetzen. Im Schlaglicht: Bronwyn, Addy, Nate und Cooper. Jeder der vier hat etwas zu verbergen \u2013 und damit ein Motiv&#8230;<br \/>\nMit einem exklusiven Bonuskapitel!<\/p>\n","protected":false},"excerpt":{"rendered":"<p>Eine Highschool. Ein Toter. Vier Verd\u00e4chtige. An einem Nachmittag sind f\u00fcnf Sch\u00fcler in der Bayview High zum Nachsitzen versammelt. Bronwyn, das Superhirn auf dem Weg nach Yale, bricht niemals die Regeln. Klassensch\u00f6nheit Addy ist die perfekte Homecoming-Queen. Nate hat seinen Ruf als Drogendealer weg. Cooper gl\u00e4nzt als Baseball-Spieler. Und Simon hat die ber\u00fcchtigte Gossip-App der [&hellip;]<\/p>\n","protected":false},"featured_media":3265,"comment_status":"open","ping_status":"closed","template":"","meta":[],"product_brand":[],"product_cat":[51],"product_tag":[],"class_list":{"0":"post-3262","1":"product","2":"type-product","3":"status-publish","4":"has-post-thumbnail","6":"product_cat-young-adult","8":"first","9":"instock","10":"taxable","11":"shipping-taxable","12":"purchasable","13":"product-type-simple"},"_links":{"self":[{"href":"https:\/\/bookworld.springer.schule\/index.php?rest_route=\/wp\/v2\/product\/3262","targetHints":{"allow":["GET"]}}],"collection":[{"href":"https:\/\/bookworld.springer.schule\/index.php?rest_route=\/wp\/v2\/product"}],"about":[{"href":"https:\/\/bookworld.springer.schule\/index.php?rest_route=\/wp\/v2\/types\/product"}],"replies":[{"embeddable":true,"href":"https:\/\/bookworld.springer.schule\/index.php?rest_route=%2Fwp%2Fv2%2Fcomments&post=3262"}],"wp:featuredmedia":[{"embeddable":true,"href":"https:\/\/bookworld.springer.schule\/index.php?rest_route=\/wp\/v2\/media\/3265"}],"wp:attachment":[{"href":"https:\/\/bookworld.springer.schule\/index.php?rest_route=%2Fwp%2Fv2%2Fmedia&parent=3262"}],"wp:term":[{"taxonomy":"product_brand","embeddable":true,"href":"https:\/\/bookworld.springer.schule\/index.php?rest_route=%2Fwp%2Fv2%2Fproduct_brand&post=3262"},{"taxonomy":"product_cat","embeddable":true,"href":"https:\/\/bookworld.springer.schule\/index.php?rest_route=%2Fwp%2Fv2%2Fproduct_cat&post=3262"},{"taxonomy":"product_tag","embeddable":true,"href":"https:\/\/bookworld.springer.schule\/index.php?rest_route=%2Fwp%2Fv2%2Fproduct_tag&post=3262"}],"curies":[{"name":"wp","href":"https:\/\/api.w.org\/{rel}","templated":true}]}}