{"id":3254,"date":"2025-03-24T09:27:54","date_gmt":"2025-03-24T08:27:54","guid":{"rendered":"https:\/\/bookworld.springer.schule\/?post_type=product&#038;p=3254"},"modified":"2025-05-05T08:32:07","modified_gmt":"2025-05-05T06:32:07","slug":"eine-wie-alaska","status":"publish","type":"product","link":"https:\/\/bookworld.springer.schule\/?product=eine-wie-alaska","title":{"rendered":"Eine wie Alaska"},"content":{"rendered":"<p>Zweifach nominiert f\u00fcr den Deutschen Jugendliteraturpreis 2008. <\/p>\n<p>Miles hat die Schule gewechselt. Auf dem Internat verknallt er sich in die sch\u00f6ne Alaska. Sie ist das Zentrum ihres Sonnensystems, der magische Anziehungspunkt des Internats. Wer um sie kreist, ist gl\u00fccklich und verletzlich gleicherma\u00dfen, euphorisch und immer nah am Schulverweis. Alaska mag Lyrik, n\u00e4chtliche Diskussionen \u00fcber philosophische Absurdit\u00e4ten, heimliche Glimmst\u00e4ngel im Wald und die echte wahre Liebe. Miles ist fasziniert und \u00fcberfordert zugleich. Dass hinter dieser verr\u00fcckten, aufgekratzten Schale etwas Weiches und Verletzliches steckt, ist offensichtlich. Wer ist Alaska wirklich?<\/p>\n<p>Mit Anmut und Humor, voller Selbstironie und sehr charmant erz\u00e4hlt Green die zu Tr\u00e4nen r\u00fchrende Geschichte von Miles, in dessen Leben die Liebe wie eine Bombe einschl\u00e4gt.<\/p>\n","protected":false},"excerpt":{"rendered":"<p>Zweifach nominiert f\u00fcr den Deutschen Jugendliteraturpreis 2008. Miles hat die Schule gewechselt. Auf dem Internat verknallt er sich in die sch\u00f6ne Alaska. Sie ist das Zentrum ihres Sonnensystems, der magische Anziehungspunkt des Internats. Wer um sie kreist, ist gl\u00fccklich und verletzlich gleicherma\u00dfen, euphorisch und immer nah am Schulverweis. Alaska mag Lyrik, n\u00e4chtliche Diskussionen \u00fcber philosophische [&hellip;]<\/p>\n","protected":false},"featured_media":3255,"comment_status":"open","ping_status":"closed","template":"","meta":[],"product_brand":[],"product_cat":[51],"product_tag":[],"class_list":{"0":"post-3254","1":"product","2":"type-product","3":"status-publish","4":"has-post-thumbnail","6":"product_cat-young-adult","8":"first","9":"instock","10":"taxable","11":"shipping-taxable","12":"purchasable","13":"product-type-simple"},"_links":{"self":[{"href":"https:\/\/bookworld.springer.schule\/index.php?rest_route=\/wp\/v2\/product\/3254","targetHints":{"allow":["GET"]}}],"collection":[{"href":"https:\/\/bookworld.springer.schule\/index.php?rest_route=\/wp\/v2\/product"}],"about":[{"href":"https:\/\/bookworld.springer.schule\/index.php?rest_route=\/wp\/v2\/types\/product"}],"replies":[{"embeddable":true,"href":"https:\/\/bookworld.springer.schule\/index.php?rest_route=%2Fwp%2Fv2%2Fcomments&post=3254"}],"wp:featuredmedia":[{"embeddable":true,"href":"https:\/\/bookworld.springer.schule\/index.php?rest_route=\/wp\/v2\/media\/3255"}],"wp:attachment":[{"href":"https:\/\/bookworld.springer.schule\/index.php?rest_route=%2Fwp%2Fv2%2Fmedia&parent=3254"}],"wp:term":[{"taxonomy":"product_brand","embeddable":true,"href":"https:\/\/bookworld.springer.schule\/index.php?rest_route=%2Fwp%2Fv2%2Fproduct_brand&post=3254"},{"taxonomy":"product_cat","embeddable":true,"href":"https:\/\/bookworld.springer.schule\/index.php?rest_route=%2Fwp%2Fv2%2Fproduct_cat&post=3254"},{"taxonomy":"product_tag","embeddable":true,"href":"https:\/\/bookworld.springer.schule\/index.php?rest_route=%2Fwp%2Fv2%2Fproduct_tag&post=3254"}],"curies":[{"name":"wp","href":"https:\/\/api.w.org\/{rel}","templated":true}]}}