{"id":3250,"date":"2025-03-24T09:25:06","date_gmt":"2025-03-24T08:25:06","guid":{"rendered":"https:\/\/bookworld.springer.schule\/?post_type=product&#038;p=3250"},"modified":"2025-05-05T08:31:48","modified_gmt":"2025-05-05T06:31:48","slug":"biss-zum-morgengrauen","status":"publish","type":"product","link":"https:\/\/bookworld.springer.schule\/?product=biss-zum-morgengrauen","title":{"rendered":"Biss zum Morgengrauen"},"content":{"rendered":"<p>Hardcover<\/p>\n<p>\u00bbEs gab drei Dinge, deren ich mir ganz sicher war: Erstens, Edward war ein Vampir. Zweitens, ein Teil von ihm &#8211; und ich wusste nicht, wie m\u00e4chtig dieser Teil war &#8211; d\u00fcrstete nach meinem Blut. Und drittens, ich war bedingungslos und unwiderruflich in ihn verliebt.\u00ab <\/p>\n<p>Als die 17-j\u00e4hrige Bella Swan aus dem sonnigen Phoenix ins regnerische Forks zieht, erwartet sie wenig von der beschaulichen Kleinstadt. Doch dann trifft sie Edward Cullen, einen Mitsch\u00fcler mit faszinierend blassen Augen und einer Aura, die Bella sofort in ihren Bann zieht. Edward ist geheimnisvoll, zur\u00fcckhaltend, unglaublich attraktiv \u2013 und ein Vampir! Bella kann nicht anders: Sie f\u00fchlt sich trotz \u2013 oder vielleicht gerade wegen \u2013 seiner dunklen Geheimnisse zu ihm hingezogen. Doch was bedeutet es, als Mensch einen Vampir zu lieben?  <\/p>\n<p>Zwischen Tag und Nacht: Bella und Edwards ungew\u00f6hnliche Liebesgeschichte <\/p>\n<p>Mit der &#8222;Twilight&#8220;-Saga hat Stephenie Meyer eine der popul\u00e4rsten Fantasy-Romance-Serien der letzten Jahrzehnte erschaffen. Insbesondere die Kombination aus romantischer Liebesgeschichte und \u00fcbernat\u00fcrlichen Elementen wie Vampiren und Werw\u00f6lfen begeistert die breite Fangemeinschaft. Zwischen 2008 und 2012 wurden die Biss-B\u00e4nde mit Kristen Stewart und Robert Pattinson erfolgreich verfilmt.<\/p>\n<p>Eine unsterbliche Liebe erwacht: Der Auftakt der weltber\u00fchmten Fantasy-Serie f\u00fcr Fans von paranormaler Romance und Vampirgeschichten <\/p>\n","protected":false},"excerpt":{"rendered":"<p>Hardcover \u00bbEs gab drei Dinge, deren ich mir ganz sicher war: Erstens, Edward war ein Vampir. Zweitens, ein Teil von ihm &#8211; und ich wusste nicht, wie m\u00e4chtig dieser Teil war &#8211; d\u00fcrstete nach meinem Blut. Und drittens, ich war bedingungslos und unwiderruflich in ihn verliebt.\u00ab Als die 17-j\u00e4hrige Bella Swan aus dem sonnigen Phoenix [&hellip;]<\/p>\n","protected":false},"featured_media":3253,"comment_status":"open","ping_status":"closed","template":"","meta":[],"product_brand":[],"product_cat":[51],"product_tag":[],"class_list":{"0":"post-3250","1":"product","2":"type-product","3":"status-publish","4":"has-post-thumbnail","6":"product_cat-young-adult","8":"first","9":"instock","10":"taxable","11":"shipping-taxable","12":"purchasable","13":"product-type-simple"},"_links":{"self":[{"href":"https:\/\/bookworld.springer.schule\/index.php?rest_route=\/wp\/v2\/product\/3250","targetHints":{"allow":["GET"]}}],"collection":[{"href":"https:\/\/bookworld.springer.schule\/index.php?rest_route=\/wp\/v2\/product"}],"about":[{"href":"https:\/\/bookworld.springer.schule\/index.php?rest_route=\/wp\/v2\/types\/product"}],"replies":[{"embeddable":true,"href":"https:\/\/bookworld.springer.schule\/index.php?rest_route=%2Fwp%2Fv2%2Fcomments&post=3250"}],"wp:featuredmedia":[{"embeddable":true,"href":"https:\/\/bookworld.springer.schule\/index.php?rest_route=\/wp\/v2\/media\/3253"}],"wp:attachment":[{"href":"https:\/\/bookworld.springer.schule\/index.php?rest_route=%2Fwp%2Fv2%2Fmedia&parent=3250"}],"wp:term":[{"taxonomy":"product_brand","embeddable":true,"href":"https:\/\/bookworld.springer.schule\/index.php?rest_route=%2Fwp%2Fv2%2Fproduct_brand&post=3250"},{"taxonomy":"product_cat","embeddable":true,"href":"https:\/\/bookworld.springer.schule\/index.php?rest_route=%2Fwp%2Fv2%2Fproduct_cat&post=3250"},{"taxonomy":"product_tag","embeddable":true,"href":"https:\/\/bookworld.springer.schule\/index.php?rest_route=%2Fwp%2Fv2%2Fproduct_tag&post=3250"}],"curies":[{"name":"wp","href":"https:\/\/api.w.org\/{rel}","templated":true}]}}