{"id":3247,"date":"2025-03-24T09:23:18","date_gmt":"2025-03-24T08:23:18","guid":{"rendered":"https:\/\/bookworld.springer.schule\/?post_type=product&#038;p=3247"},"modified":"2025-05-05T08:31:27","modified_gmt":"2025-05-05T06:31:27","slug":"wir-kinder-von-auschwitz","status":"publish","type":"product","link":"https:\/\/bookworld.springer.schule\/?product=wir-kinder-von-auschwitz","title":{"rendered":"Wir Kinder von Auschwitz"},"content":{"rendered":"<p>Als Kind in Auschwitz: das Schicksal einer Holocaust\u00fcberlebenden erz\u00e4hlt f\u00fcr junge Leser<\/p>\n<p>Tova Friedman wurde 1938 in der polnischen Stadt Tomasz\u00f3w Mazowiecki, geboren. Dort war sie damals eines von Hunderten j\u00fcdischen Kindern. Im Alter von f\u00fcnf Jahren wurde sie zusammen mit ihrer Mutter ins Vernichtungslager Auschwitz-Birkenau deportiert. Bei Kriegsende waren von den Kindern aus ihrer Heimatstadt nur noch f\u00fcnf am Leben. Tova geh\u00f6rt zu den letzten \u00dcberlebenden, die von ihren Erlebnissen im Holocaust berichten. Zusammen mit der preisgekr\u00f6nten Journalistin und Kinderbuchautorin Hilary Freeman erz\u00e4hlt sie leicht fasslich f\u00fcr junge Leser*innen, und doch ohne zu besch\u00f6nigen, von ihren Kindertagen in Polen, den schrecklichen Erlebnissen im Lager, von den allt\u00e4glichen Grausamkeiten, dem Leiden und Sterben. Und sie erz\u00e4hlt davon, wie sie \u00fcberlebte, wie sie mit ihren Eltern in die USA auswanderte und dort ein neues Leben f\u00fcr sie begann. Manuel \u0160umberac hat die Erz\u00e4hlung einf\u00fchlsam illustriert. Das Buch enth\u00e4lt neben einem Glossar auch eine Auswahl der Fragen, die Tova auf ihrem TikTok-Kanal @tovafriedman am h\u00e4ufigsten gestellt werden. Sie schreibt: \u00bbIch kann und werde mich nicht entmutigen lassen. Wir m\u00fcssen Antisemitismus verhindern, wo immer wir k\u00f6nnen. Die Menschen m\u00fcssen zusammenkommen und gemeinsam das \u00dcbel Vorurteil ausmerzen. Wir sollten stattdessen den Frieden, die Toleranz und die Akzeptanz aller Menschen feiern, egal welcher Religion, welcher Kultur oder welchem Glauben sie angeh\u00f6ren.<\/p>\n","protected":false},"excerpt":{"rendered":"<p>Als Kind in Auschwitz: das Schicksal einer Holocaust\u00fcberlebenden erz\u00e4hlt f\u00fcr junge Leser Tova Friedman wurde 1938 in der polnischen Stadt Tomasz\u00f3w Mazowiecki, geboren. Dort war sie damals eines von Hunderten j\u00fcdischen Kindern. Im Alter von f\u00fcnf Jahren wurde sie zusammen mit ihrer Mutter ins Vernichtungslager Auschwitz-Birkenau deportiert. Bei Kriegsende waren von den Kindern aus ihrer [&hellip;]<\/p>\n","protected":false},"featured_media":3248,"comment_status":"open","ping_status":"closed","template":"","meta":[],"product_brand":[],"product_cat":[8],"product_tag":[],"class_list":{"0":"post-3247","1":"product","2":"type-product","3":"status-publish","4":"has-post-thumbnail","6":"product_cat-biographie","8":"first","9":"instock","10":"taxable","11":"shipping-taxable","12":"purchasable","13":"product-type-simple"},"_links":{"self":[{"href":"https:\/\/bookworld.springer.schule\/index.php?rest_route=\/wp\/v2\/product\/3247","targetHints":{"allow":["GET"]}}],"collection":[{"href":"https:\/\/bookworld.springer.schule\/index.php?rest_route=\/wp\/v2\/product"}],"about":[{"href":"https:\/\/bookworld.springer.schule\/index.php?rest_route=\/wp\/v2\/types\/product"}],"replies":[{"embeddable":true,"href":"https:\/\/bookworld.springer.schule\/index.php?rest_route=%2Fwp%2Fv2%2Fcomments&post=3247"}],"wp:featuredmedia":[{"embeddable":true,"href":"https:\/\/bookworld.springer.schule\/index.php?rest_route=\/wp\/v2\/media\/3248"}],"wp:attachment":[{"href":"https:\/\/bookworld.springer.schule\/index.php?rest_route=%2Fwp%2Fv2%2Fmedia&parent=3247"}],"wp:term":[{"taxonomy":"product_brand","embeddable":true,"href":"https:\/\/bookworld.springer.schule\/index.php?rest_route=%2Fwp%2Fv2%2Fproduct_brand&post=3247"},{"taxonomy":"product_cat","embeddable":true,"href":"https:\/\/bookworld.springer.schule\/index.php?rest_route=%2Fwp%2Fv2%2Fproduct_cat&post=3247"},{"taxonomy":"product_tag","embeddable":true,"href":"https:\/\/bookworld.springer.schule\/index.php?rest_route=%2Fwp%2Fv2%2Fproduct_tag&post=3247"}],"curies":[{"name":"wp","href":"https:\/\/api.w.org\/{rel}","templated":true}]}}