{"id":3244,"date":"2025-03-24T09:20:38","date_gmt":"2025-03-24T08:20:38","guid":{"rendered":"https:\/\/bookworld.springer.schule\/?post_type=product&#038;p=3244"},"modified":"2025-05-05T08:30:49","modified_gmt":"2025-05-05T06:30:49","slug":"die-grosse-arbeitslosigkeit","status":"publish","type":"product","link":"https:\/\/bookworld.springer.schule\/?product=die-grosse-arbeitslosigkeit","title":{"rendered":"Die Grosse Arbeiterlosigkeit"},"content":{"rendered":"<p>Wir alle kennen Arbeitslosigkeit \u2013 Die neue Herausforderung ist die Arbeiterlosigkeit<br \/>\nDie Bev\u00f6lkerungsentwicklung kannte \u00fcber Jahrhunderte nur eine Richtung: Wachstum. Doch nun zeichnet sich eine Trendwende ab: Die Bev\u00f6lkerung wird schrumpfen.<\/p>\n","protected":false},"excerpt":{"rendered":"<p>Wir alle kennen Arbeitslosigkeit \u2013 Die neue Herausforderung ist die Arbeiterlosigkeit Die Bev\u00f6lkerungsentwicklung kannte \u00fcber Jahrhunderte nur eine Richtung: Wachstum. Doch nun zeichnet sich eine Trendwende ab: Die Bev\u00f6lkerung wird schrumpfen.<\/p>\n","protected":false},"featured_media":3245,"comment_status":"open","ping_status":"closed","template":"","meta":[],"product_brand":[],"product_cat":[50],"product_tag":[],"class_list":{"0":"post-3244","1":"product","2":"type-product","3":"status-publish","4":"has-post-thumbnail","6":"product_cat-wirtschaftsbuecher","8":"first","9":"instock","10":"taxable","11":"shipping-taxable","12":"purchasable","13":"product-type-simple"},"_links":{"self":[{"href":"https:\/\/bookworld.springer.schule\/index.php?rest_route=\/wp\/v2\/product\/3244","targetHints":{"allow":["GET"]}}],"collection":[{"href":"https:\/\/bookworld.springer.schule\/index.php?rest_route=\/wp\/v2\/product"}],"about":[{"href":"https:\/\/bookworld.springer.schule\/index.php?rest_route=\/wp\/v2\/types\/product"}],"replies":[{"embeddable":true,"href":"https:\/\/bookworld.springer.schule\/index.php?rest_route=%2Fwp%2Fv2%2Fcomments&post=3244"}],"wp:featuredmedia":[{"embeddable":true,"href":"https:\/\/bookworld.springer.schule\/index.php?rest_route=\/wp\/v2\/media\/3245"}],"wp:attachment":[{"href":"https:\/\/bookworld.springer.schule\/index.php?rest_route=%2Fwp%2Fv2%2Fmedia&parent=3244"}],"wp:term":[{"taxonomy":"product_brand","embeddable":true,"href":"https:\/\/bookworld.springer.schule\/index.php?rest_route=%2Fwp%2Fv2%2Fproduct_brand&post=3244"},{"taxonomy":"product_cat","embeddable":true,"href":"https:\/\/bookworld.springer.schule\/index.php?rest_route=%2Fwp%2Fv2%2Fproduct_cat&post=3244"},{"taxonomy":"product_tag","embeddable":true,"href":"https:\/\/bookworld.springer.schule\/index.php?rest_route=%2Fwp%2Fv2%2Fproduct_tag&post=3244"}],"curies":[{"name":"wp","href":"https:\/\/api.w.org\/{rel}","templated":true}]}}