{"id":3242,"date":"2025-03-24T09:18:16","date_gmt":"2025-03-24T08:18:16","guid":{"rendered":"https:\/\/bookworld.springer.schule\/?post_type=product&#038;p=3242"},"modified":"2025-05-05T08:30:30","modified_gmt":"2025-05-05T06:30:30","slug":"zukunft-im-wiederspruch","status":"publish","type":"product","link":"https:\/\/bookworld.springer.schule\/?product=zukunft-im-wiederspruch","title":{"rendered":"Zukunft im Widerspruch"},"content":{"rendered":"<p>Wer sich als Unternehmer, CEO oder F\u00fchrungskraft einen \u00dcberblick \u00fcber aktuelle Herausforderungen zu verschaffen versucht, kann durchaus Angst bekommen. Die vielzitierte \u00bbPolykrise\u00ab ist in aller Munde und konfrontiert Unternehmen und ihre Entscheider:innen mit einer nie dagewesenen Anzahl von scheinbaren Gegens\u00e4tzen, denen es unter Ber\u00fccksichtigung zahlreicher unsicherer Variablen zu begegnen gilt. <\/p>\n","protected":false},"excerpt":{"rendered":"<p>Wer sich als Unternehmer, CEO oder F\u00fchrungskraft einen \u00dcberblick \u00fcber aktuelle Herausforderungen zu verschaffen versucht, kann durchaus Angst bekommen. Die vielzitierte \u00bbPolykrise\u00ab ist in aller Munde und konfrontiert Unternehmen und ihre Entscheider:innen mit einer nie dagewesenen Anzahl von scheinbaren Gegens\u00e4tzen, denen es unter Ber\u00fccksichtigung zahlreicher unsicherer Variablen zu begegnen gilt.<\/p>\n","protected":false},"featured_media":3243,"comment_status":"open","ping_status":"closed","template":"","meta":[],"product_brand":[],"product_cat":[50],"product_tag":[],"class_list":{"0":"post-3242","1":"product","2":"type-product","3":"status-publish","4":"has-post-thumbnail","6":"product_cat-wirtschaftsbuecher","8":"first","9":"instock","10":"taxable","11":"shipping-taxable","12":"purchasable","13":"product-type-simple"},"_links":{"self":[{"href":"https:\/\/bookworld.springer.schule\/index.php?rest_route=\/wp\/v2\/product\/3242","targetHints":{"allow":["GET"]}}],"collection":[{"href":"https:\/\/bookworld.springer.schule\/index.php?rest_route=\/wp\/v2\/product"}],"about":[{"href":"https:\/\/bookworld.springer.schule\/index.php?rest_route=\/wp\/v2\/types\/product"}],"replies":[{"embeddable":true,"href":"https:\/\/bookworld.springer.schule\/index.php?rest_route=%2Fwp%2Fv2%2Fcomments&post=3242"}],"wp:featuredmedia":[{"embeddable":true,"href":"https:\/\/bookworld.springer.schule\/index.php?rest_route=\/wp\/v2\/media\/3243"}],"wp:attachment":[{"href":"https:\/\/bookworld.springer.schule\/index.php?rest_route=%2Fwp%2Fv2%2Fmedia&parent=3242"}],"wp:term":[{"taxonomy":"product_brand","embeddable":true,"href":"https:\/\/bookworld.springer.schule\/index.php?rest_route=%2Fwp%2Fv2%2Fproduct_brand&post=3242"},{"taxonomy":"product_cat","embeddable":true,"href":"https:\/\/bookworld.springer.schule\/index.php?rest_route=%2Fwp%2Fv2%2Fproduct_cat&post=3242"},{"taxonomy":"product_tag","embeddable":true,"href":"https:\/\/bookworld.springer.schule\/index.php?rest_route=%2Fwp%2Fv2%2Fproduct_tag&post=3242"}],"curies":[{"name":"wp","href":"https:\/\/api.w.org\/{rel}","templated":true}]}}