{"id":3233,"date":"2025-03-24T09:13:38","date_gmt":"2025-03-24T08:13:38","guid":{"rendered":"https:\/\/bookworld.springer.schule\/?post_type=product&#038;p=3233"},"modified":"2025-05-05T08:27:02","modified_gmt":"2025-05-05T06:27:02","slug":"thomas-mueller-mein-weg-zum-fussballprofi","status":"publish","type":"product","link":"https:\/\/bookworld.springer.schule\/?product=thomas-mueller-mein-weg-zum-fussballprofi","title":{"rendered":"Thomas M\u00fcller &#8211; Mein Weg zum Fu\u00dfballprofi"},"content":{"rendered":"<p>In &#8222;Mein Weg zum Fu\u00dfballprofi&#8220; erz\u00e4hlt Thomas M\u00fcller, wie er seinen Kindheitstraum verwirklichte, ein weltber\u00fchmter Fu\u00dfballspieler zu werden. Angefangen mit dem ersten Ballkontakt bis hin zu den triumphalen Momenten des Champions-League-Siegs, dem Gewinn der Weltmeisterschaft in Brasilien, teilt der FC Bayern Superstar ehrlich und mit Sympathie seine fesselnde Geschichte.<\/p>\n","protected":false},"excerpt":{"rendered":"<p>In &#8222;Mein Weg zum Fu\u00dfballprofi&#8220; erz\u00e4hlt Thomas M\u00fcller, wie er seinen Kindheitstraum verwirklichte, ein weltber\u00fchmter Fu\u00dfballspieler zu werden. Angefangen mit dem ersten Ballkontakt bis hin zu den triumphalen Momenten des Champions-League-Siegs, dem Gewinn der Weltmeisterschaft in Brasilien, teilt der FC Bayern Superstar ehrlich und mit Sympathie seine fesselnde Geschichte.<\/p>\n","protected":false},"featured_media":3237,"comment_status":"open","ping_status":"closed","template":"","meta":[],"product_brand":[],"product_cat":[42],"product_tag":[],"class_list":{"0":"post-3233","1":"product","2":"type-product","3":"status-publish","4":"has-post-thumbnail","6":"product_cat-sport","8":"first","9":"instock","10":"taxable","11":"shipping-taxable","12":"purchasable","13":"product-type-simple"},"_links":{"self":[{"href":"https:\/\/bookworld.springer.schule\/index.php?rest_route=\/wp\/v2\/product\/3233","targetHints":{"allow":["GET"]}}],"collection":[{"href":"https:\/\/bookworld.springer.schule\/index.php?rest_route=\/wp\/v2\/product"}],"about":[{"href":"https:\/\/bookworld.springer.schule\/index.php?rest_route=\/wp\/v2\/types\/product"}],"replies":[{"embeddable":true,"href":"https:\/\/bookworld.springer.schule\/index.php?rest_route=%2Fwp%2Fv2%2Fcomments&post=3233"}],"wp:featuredmedia":[{"embeddable":true,"href":"https:\/\/bookworld.springer.schule\/index.php?rest_route=\/wp\/v2\/media\/3237"}],"wp:attachment":[{"href":"https:\/\/bookworld.springer.schule\/index.php?rest_route=%2Fwp%2Fv2%2Fmedia&parent=3233"}],"wp:term":[{"taxonomy":"product_brand","embeddable":true,"href":"https:\/\/bookworld.springer.schule\/index.php?rest_route=%2Fwp%2Fv2%2Fproduct_brand&post=3233"},{"taxonomy":"product_cat","embeddable":true,"href":"https:\/\/bookworld.springer.schule\/index.php?rest_route=%2Fwp%2Fv2%2Fproduct_cat&post=3233"},{"taxonomy":"product_tag","embeddable":true,"href":"https:\/\/bookworld.springer.schule\/index.php?rest_route=%2Fwp%2Fv2%2Fproduct_tag&post=3233"}],"curies":[{"name":"wp","href":"https:\/\/api.w.org\/{rel}","templated":true}]}}