{"id":2612,"date":"2023-01-09T13:50:18","date_gmt":"2023-01-09T12:50:18","guid":{"rendered":"https:\/\/bookworld.springer.schule\/?post_type=product&#038;p=2612"},"modified":"2025-05-05T08:26:35","modified_gmt":"2025-05-05T06:26:35","slug":"mamba-mentality-mein-weg-zum-erfolg-bu-0015","status":"publish","type":"product","link":"https:\/\/bookworld.springer.schule\/?product=mamba-mentality-mein-weg-zum-erfolg-bu-0015","title":{"rendered":"Mamba Mentality: Mein Weg zum Erfolg"},"content":{"rendered":"<p>Ich wusste, wo ich hinwollte und wie viel Arbeit notwendig war, um dieses Ziel zu erreichen.\u00ab F\u00fcnf NBA-Meistertitel, zwei olympische Goldmedaillen, 81 Punkte in einem einzigen Spiel, 20 Jahre bei den Los Angeles Lakers \u2013 diese und zahlreiche weitere Meilensteine machen Kobe Bryant zu einem der besten Basketballer aller Zeiten.<br \/>\nIn Mamba Mentality gew\u00e4hrt Kobe \u00bbBlack Mamba\u00ab Bryant einen tiefen Einblick in sein Mindset als Spitzensportler und erkl\u00e4rt seine akribische Herangehensweise an das Basketballspiel und die Schritte, die er unternahm, um sich geistig und k\u00f6rperlich auf sportliche H\u00f6chstleistungen vorzubereiten. Er verr\u00e4t, wie er seine Gegner studiert, seine Leidenschaft auf das Spiel \u00fcbertragen und sich von Verletzungen erholt hat. Die Kombination aus Bryants Erz\u00e4hlung und den Fotografien des Sportfotografen Andrew D. Bernstein macht dieses Buch zu einem beispiellosen Portr\u00e4t einer Legende.<\/p>\n","protected":false},"excerpt":{"rendered":"<p>Ich wusste, wo ich hinwollte und wie viel Arbeit notwendig war, um dieses Ziel zu erreichen.\u00ab F\u00fcnf NBA-Meistertitel, zwei olympische Goldmedaillen, 81 Punkte in einem einzigen Spiel, 20 Jahre bei den Los Angeles Lakers &#8211; diese und zahlreiche weitere Meilensteine&#8230;<\/p>\n","protected":false},"featured_media":2711,"comment_status":"open","ping_status":"closed","template":"","meta":[],"product_brand":[],"product_cat":[42],"product_tag":[],"class_list":{"0":"post-2612","1":"product","2":"type-product","3":"status-publish","4":"has-post-thumbnail","6":"product_cat-sport","8":"first","9":"instock","10":"taxable","11":"shipping-taxable","12":"purchasable","13":"product-type-simple"},"_links":{"self":[{"href":"https:\/\/bookworld.springer.schule\/index.php?rest_route=\/wp\/v2\/product\/2612","targetHints":{"allow":["GET"]}}],"collection":[{"href":"https:\/\/bookworld.springer.schule\/index.php?rest_route=\/wp\/v2\/product"}],"about":[{"href":"https:\/\/bookworld.springer.schule\/index.php?rest_route=\/wp\/v2\/types\/product"}],"replies":[{"embeddable":true,"href":"https:\/\/bookworld.springer.schule\/index.php?rest_route=%2Fwp%2Fv2%2Fcomments&post=2612"}],"wp:featuredmedia":[{"embeddable":true,"href":"https:\/\/bookworld.springer.schule\/index.php?rest_route=\/wp\/v2\/media\/2711"}],"wp:attachment":[{"href":"https:\/\/bookworld.springer.schule\/index.php?rest_route=%2Fwp%2Fv2%2Fmedia&parent=2612"}],"wp:term":[{"taxonomy":"product_brand","embeddable":true,"href":"https:\/\/bookworld.springer.schule\/index.php?rest_route=%2Fwp%2Fv2%2Fproduct_brand&post=2612"},{"taxonomy":"product_cat","embeddable":true,"href":"https:\/\/bookworld.springer.schule\/index.php?rest_route=%2Fwp%2Fv2%2Fproduct_cat&post=2612"},{"taxonomy":"product_tag","embeddable":true,"href":"https:\/\/bookworld.springer.schule\/index.php?rest_route=%2Fwp%2Fv2%2Fproduct_tag&post=2612"}],"curies":[{"name":"wp","href":"https:\/\/api.w.org\/{rel}","templated":true}]}}