{"id":162,"date":"2016-10-22T14:23:06","date_gmt":"2016-10-22T12:23:06","guid":{"rendered":"http:\/\/bookworld.springer-uefa.de\/?page_id=162"},"modified":"2026-03-02T10:04:36","modified_gmt":"2026-03-02T09:04:36","slug":"startseite","status":"publish","type":"page","link":"https:\/\/bookworld.springer.schule\/","title":{"rendered":""},"content":{"rendered":"<div class=\"entry-content\">\n<p>Willkommen bei der \u00dcbungsfirma <strong>BookWorld GmbH<\/strong>.<\/p>\n<p><a href=\"https:\/\/bookworld.springer.schule\/wp-content\/uploads\/2026\/03\/bookworld-Logo.jpg\"><img loading=\"lazy\" decoding=\"async\" class=\"alignnone  wp-image-3418\" src=\"https:\/\/bookworld.springer.schule\/wp-content\/uploads\/2026\/03\/bookworld-Logo.jpg\" alt=\"\" width=\"266\" height=\"77\" \/><\/a><a href=\"https:\/\/bookworld.springer.schule\/wp-content\/uploads\/2026\/03\/jss-logo.png\"><br class=\"Apple-interchange-newline\" \/><\/a><\/p>\n<\/div>\n<p>Unser Schule ist die Julius-Springer-Schule Heidelberg.<\/p>\n<p><img loading=\"lazy\" decoding=\"async\" class=\"alignnone  wp-image-3421\" src=\"https:\/\/bookworld.springer.schule\/wp-content\/uploads\/2026\/03\/jss-logo-300x56.png\" alt=\"\" width=\"273\" height=\"51\" srcset=\"https:\/\/bookworld.springer.schule\/wp-content\/uploads\/2026\/03\/jss-logo-300x56.png 300w, https:\/\/bookworld.springer.schule\/wp-content\/uploads\/2026\/03\/jss-logo-768x144.png 768w, https:\/\/bookworld.springer.schule\/wp-content\/uploads\/2026\/03\/jss-logo-416x78.png 416w, https:\/\/bookworld.springer.schule\/wp-content\/uploads\/2026\/03\/jss-logo.png 1000w\" sizes=\"auto, (max-width: 273px) 100vw, 273px\" \/><\/p>\n<div class=\"entry-content\">\n<p>Als Mitglied einer \u00dcbungsfirma k\u00f6nnen Sie in unserem Onlineshop vielf\u00e4ltige Waren bestellen.<\/p>\n<p><strong>Hinweis<\/strong>: Die hier vorliegenden Angebote sind ausschlie\u00dflich f\u00fcr Gesch\u00e4fte innerhalb des \u00dcbungsfirmenrings der Zuef bestimmt. Alle von uns angebotenen Waren und Dienstleistungen besitzen einen fiktiven Charakter. Die angebotenen Produkte dienen lediglich zu Schulungszwecken. Es erfolgt keine tats\u00e4chliche Auslieferung der Waren. Weitere Informationen zur Arbeit im deutschen \u00dcbungsfirmenring entnehmen Sie bitte den Webseiten unter <a href=\"http:\/\/www.die-zentralstelle.de\/\">http:\/\/www.die-zentralstelle.de\/<\/a><\/p>\n<p>Zus\u00e4tzlich verweisen wir hier ausdr\u00fccklich auf unsere <a href=\"https:\/\/bookworld.springer.schule\/?page_id=1627\">Datenschutzerkl\u00e4rung<\/a> sowie unser <a href=\"https:\/\/bookworld.springer.schule\/?page_id=49\">Impressum<\/a>. Die hier simulierten Gesch\u00e4fte unterliegen unseren <a href=\"https:\/\/bookworld.springer.schule\/?page_id=47\">AGB<\/a>.<\/p>\n<\/div>\n","protected":false},"excerpt":{"rendered":"<p>Willkommen bei der \u00dcbungsfirma BookWorld GmbH. Unser Schule ist die Julius-Springer-Schule Heidelberg. Als Mitglied einer \u00dcbungsfirma k\u00f6nnen Sie in unserem Onlineshop vielf\u00e4ltige Waren bestellen. Hinweis: Die hier vorliegenden Angebote sind ausschlie\u00dflich f\u00fcr Gesch\u00e4fte innerhalb des \u00dcbungsfirmenrings der Zuef bestimmt. Alle von uns angebotenen Waren und Dienstleistungen besitzen einen fiktiven Charakter. Die angebotenen Produkte dienen lediglich [&hellip;]<\/p>\n","protected":false},"author":8,"featured_media":0,"parent":0,"menu_order":4,"comment_status":"closed","ping_status":"closed","template":"","meta":{"footnotes":""},"class_list":["post-162","page","type-page","status-publish","hentry"],"_links":{"self":[{"href":"https:\/\/bookworld.springer.schule\/index.php?rest_route=\/wp\/v2\/pages\/162","targetHints":{"allow":["GET"]}}],"collection":[{"href":"https:\/\/bookworld.springer.schule\/index.php?rest_route=\/wp\/v2\/pages"}],"about":[{"href":"https:\/\/bookworld.springer.schule\/index.php?rest_route=\/wp\/v2\/types\/page"}],"author":[{"embeddable":true,"href":"https:\/\/bookworld.springer.schule\/index.php?rest_route=\/wp\/v2\/users\/8"}],"replies":[{"embeddable":true,"href":"https:\/\/bookworld.springer.schule\/index.php?rest_route=%2Fwp%2Fv2%2Fcomments&post=162"}],"version-history":[{"count":18,"href":"https:\/\/bookworld.springer.schule\/index.php?rest_route=\/wp\/v2\/pages\/162\/revisions"}],"predecessor-version":[{"id":3423,"href":"https:\/\/bookworld.springer.schule\/index.php?rest_route=\/wp\/v2\/pages\/162\/revisions\/3423"}],"wp:attachment":[{"href":"https:\/\/bookworld.springer.schule\/index.php?rest_route=%2Fwp%2Fv2%2Fmedia&parent=162"}],"curies":[{"name":"wp","href":"https:\/\/api.w.org\/{rel}","templated":true}]}}